{"id":36,"date":"2026-02-03T22:22:19","date_gmt":"2026-02-03T22:22:19","guid":{"rendered":"https:\/\/pawel-sikora.pl\/?page_id=36"},"modified":"2026-02-05T18:53:34","modified_gmt":"2026-02-05T18:53:34","slug":"kontakt","status":"publish","type":"page","link":"http:\/\/pawel-sikora.pl\/?page_id=36","title":{"rendered":"Kontakt"},"content":{"rendered":"\n<p><strong>FOTOGRAFIK <em>Sp. z o. o<\/em>.<\/strong><\/p>\n\n\n\n<hr class=\"wp-block-separator has-alpha-channel-opacity\"\/>\n\n\n\n<h3 class=\"wp-block-heading\">Dane bezpo\u015brednie:<\/h3>\n\n\n\n<ul class=\"wp-block-list\">\n<li><strong>Telefon:<\/strong> +48 000 000 000<\/li>\n\n\n\n<li><strong>E-mail:<\/strong> *****@*******.pl<\/li>\n\n\n\n<li><strong>Instagram:<\/strong> @***********  <\/li>\n<\/ul>\n\n\n\n<!-- Contact Form X --><noscript class=\"cfx-noscript-wrap\"><p id=\"cfx-noscript\" class=\"cfx-noscript\">Please enable JavaScript to use the contact form.<\/p><\/noscript><div id=\"cfx\" class=\"cfx\"><div class=\"cfx-response\"><\/div><div class=\"cfx-form\"><fieldset class=\"cfx-input cfx-name\"><label for=\"cfx-name\">Przedstaw si\u0119:<\/label> <input id=\"cfx-name\" name=\"cfx-name\" type=\"text\" value=\"\" size=\"40\" maxlength=\"100\" placeholder=\"Imi\u0119 Nazwisko\" required data-required=\"true\" autocomplete=\"name\"><\/fieldset><fieldset class=\"cfx-input cfx-email\"><label for=\"cfx-email\">Tw\u00f3j adres Email<\/label> <input id=\"cfx-email\" name=\"cfx-email\" type=\"email\" value=\"\" size=\"40\" maxlength=\"100\" placeholder=\"Wpisz sw\u00f3j Email\" required data-required=\"true\" autocomplete=\"email\"><\/fieldset><fieldset class=\"cfx-input cfx-subject\"><label for=\"cfx-subject\">Tytu\u0142 wiadomo\u015bci<\/label> <input id=\"cfx-subject\" name=\"cfx-subject\" type=\"text\" value=\"\" size=\"40\" maxlength=\"100\" placeholder=\"Wpisz tytu\u0142 wiadomo\u015bci\" required data-required=\"true\" autocomplete=\"on\"><\/fieldset><fieldset class=\"cfx-textarea cfx-message\"><label for=\"cfx-message\">Twoja wiadomo\u015b\u0107<\/label> <textarea id=\"cfx-message\" name=\"cfx-message\" cols=\"50\" rows=\"10\" placeholder=\"Wpisz tre\u015b\u0107\" required data-required=\"true\"><\/textarea><\/fieldset><fieldset class=\"cfx-recaptcha\"><label for=\"cfx-recaptcha\">Jeste\u015b cz\u0142owiekiem?<\/label><div id=\"cfx-recaptcha\" class=\"g-recaptcha\" data-sitekey=\"6LeU32EsAAAAAFwtMYRGXVVYx0snBsIAx2DIHsDC\" data-theme=\"dark\"><\/div><\/fieldset><fieldset class=\"cfx-input cfx-challenge\"><label for=\"cfx-challenge\">Dla pewno\u015bci \u017ce jeste\u015b cz\u0142owiekiem dodaj siedemna\u015bcie do trzynastu.<\/label> <input id=\"cfx-challenge\" name=\"cfx-challenge\" type=\"text\" value=\"\" size=\"40\" maxlength=\"100\" placeholder=\"Podaj wynik w postaci liczby\" required data-required=\"true\" autocomplete=\"on\"><\/fieldset><fieldset class=\"cfx-checkbox cfx-carbon\"><input id=\"cfx-carbon\" name=\"cfx-carbon\" type=\"checkbox\" value=\"\" required data-required=\"true\"> <label for=\"cfx-carbon\">Zaznacz jeszcze tu skoro jeste\u015b cz\u0142owiekiem.<\/label> <\/fieldset><fieldset class=\"cfx-checkbox cfx-agree\"><input id=\"cfx-agree\" name=\"cfx-agree\" type=\"checkbox\" value=\"\" required data-required=\"true\"> <label for=\"cfx-agree\">I jeszcze tu, tak dla pewno\u015bci. ^^<\/label> <\/fieldset><button class=\"cfx-button cfx-submit\">Wy\u015blij Wiadomo\u015b\u0107<\/button><\/div><\/div>\n","protected":false},"excerpt":{"rendered":"<p>FOTOGRAFIK Sp. z o. o. Dane bezpo\u015brednie:<\/p>\n","protected":false},"author":1,"featured_media":0,"parent":0,"menu_order":5,"comment_status":"closed","ping_status":"closed","template":"","meta":{"footnotes":""},"class_list":["post-36","page","type-page","status-publish","hentry"],"_links":{"self":[{"href":"http:\/\/pawel-sikora.pl\/index.php?rest_route=\/wp\/v2\/pages\/36","targetHints":{"allow":["GET"]}}],"collection":[{"href":"http:\/\/pawel-sikora.pl\/index.php?rest_route=\/wp\/v2\/pages"}],"about":[{"href":"http:\/\/pawel-sikora.pl\/index.php?rest_route=\/wp\/v2\/types\/page"}],"author":[{"embeddable":true,"href":"http:\/\/pawel-sikora.pl\/index.php?rest_route=\/wp\/v2\/users\/1"}],"replies":[{"embeddable":true,"href":"http:\/\/pawel-sikora.pl\/index.php?rest_route=%2Fwp%2Fv2%2Fcomments&post=36"}],"version-history":[{"count":5,"href":"http:\/\/pawel-sikora.pl\/index.php?rest_route=\/wp\/v2\/pages\/36\/revisions"}],"predecessor-version":[{"id":91,"href":"http:\/\/pawel-sikora.pl\/index.php?rest_route=\/wp\/v2\/pages\/36\/revisions\/91"}],"wp:attachment":[{"href":"http:\/\/pawel-sikora.pl\/index.php?rest_route=%2Fwp%2Fv2%2Fmedia&parent=36"}],"curies":[{"name":"wp","href":"https:\/\/api.w.org\/{rel}","templated":true}]}}