{"id":27,"date":"2026-02-03T22:19:38","date_gmt":"2026-02-03T22:19:38","guid":{"rendered":"https:\/\/pawel-sikora.pl\/?page_id=27"},"modified":"2026-02-05T18:15:18","modified_gmt":"2026-02-05T18:15:18","slug":"o-mnie","status":"publish","type":"page","link":"http:\/\/pawel-sikora.pl\/?page_id=27","title":{"rendered":"O mnie"},"content":{"rendered":"\n<h2 class=\"wp-block-heading\">Ten po drugiej stronie obiektywu.<\/h2>\n\n\n\n<p><strong>Nie szukam idealnych kadr\u00f3w. Szukam tych prawdziwych.<\/strong><\/p>\n\n\n\n<p><strong>Tre\u015b\u0107:<\/strong> \u201eCze\u015b\u0107! Skoro tu jeste\u015b, to znaczy, \u017ce obraz ma dla Ciebie znaczenie \u2013 podobnie jak dla mnie.<\/p>\n\n\n\n<p>Moja przygoda z fotografi\u0105 nie zacz\u0119\u0142a si\u0119 od fascynacji sprz\u0119tem, ale od zachwytu nad tym, jak \u015bwiat\u0142o potrafi zmieni\u0107 zwyk\u0142\u0105 chwil\u0119 w co\u015b magicznego. Przez lata uczy\u0142em si\u0119, \u017ce w fotografii najmniej chodzi o to, jaki masz aparat, a najbardziej o to, jak patrzysz na drugiego cz\u0142owieka.<\/p>\n\n\n\n<p><strong>Czego mo\u017cesz si\u0119 po mnie spodziewa\u0107?<\/strong> Nie b\u0119d\u0119 kaza\u0142 Ci sztucznie pozowa\u0107 ani 'u\u015bmiecha\u0107 si\u0119 do sernika&#8217;. Moim celem jest stworzenie atmosfery, w kt\u00f3rej zapomnisz o obecno\u015bci aparatu. Najlepsze zdj\u0119cia powstaj\u0105 w u\u0142amkach sekundy \u2013 pomi\u0119dzy s\u0142owami, w niekontrolowanym wybuchu \u015bmiechu czy w ukradkowym spojrzeniu.<\/p>\n\n\n\n<p><strong>Prywatnie?<\/strong> Jestem minimalist\u0105, wielbicielem dobrej kawy i kolekcjonerem moment\u00f3w. Kiedy nie trzymam w r\u0119ku aparatu, pewnie szukam inspiracji w podr\u00f3\u017cy lub w dobrej ksi\u0105\u017cce. Wierz\u0119, \u017ce estetyka, kt\u00f3r\u0105 si\u0119 otaczamy, wp\u0142ywa na to, jak czujemy \u017cycie.<\/p>\n\n\n\n<p><strong>Zr\u00f3bmy razem co\u015b pi\u0119knego.<\/strong> Nie traktuj\u0119 zlece\u0144 jak kolejnych punkt\u00f3w w kalendarzu. Ka\u017cde spotkanie to nowa historia, kt\u00f3r\u0105 spisujemy wsp\u00f3lnie. Je\u015bli szukasz kogo\u015b, kto uwieczni Twoj\u0105 autentyczno\u015b\u0107 bez zb\u0119dnego retuszu emocji \u2013 jeste\u015b w dobrym miejscu.\u201d<\/p>\n","protected":false},"excerpt":{"rendered":"<p>Ten po drugiej stronie obiektywu. Nie szukam idealnych kadr\u00f3w. Szukam tych prawdziwych. Tre\u015b\u0107: \u201eCze\u015b\u0107! Skoro tu jeste\u015b, to znaczy, \u017ce obraz ma dla Ciebie znaczenie \u2013 podobnie jak dla mnie. Moja przygoda z fotografi\u0105 nie zacz\u0119\u0142a si\u0119 od fascynacji sprz\u0119tem, &hellip; <a href=\"http:\/\/pawel-sikora.pl\/?page_id=27\">Czytaj dalej <span class=\"meta-nav\">&rarr;<\/span><\/a><\/p>\n","protected":false},"author":1,"featured_media":0,"parent":0,"menu_order":2,"comment_status":"closed","ping_status":"closed","template":"","meta":{"footnotes":""},"class_list":["post-27","page","type-page","status-publish","hentry"],"_links":{"self":[{"href":"http:\/\/pawel-sikora.pl\/index.php?rest_route=\/wp\/v2\/pages\/27","targetHints":{"allow":["GET"]}}],"collection":[{"href":"http:\/\/pawel-sikora.pl\/index.php?rest_route=\/wp\/v2\/pages"}],"about":[{"href":"http:\/\/pawel-sikora.pl\/index.php?rest_route=\/wp\/v2\/types\/page"}],"author":[{"embeddable":true,"href":"http:\/\/pawel-sikora.pl\/index.php?rest_route=\/wp\/v2\/users\/1"}],"replies":[{"embeddable":true,"href":"http:\/\/pawel-sikora.pl\/index.php?rest_route=%2Fwp%2Fv2%2Fcomments&post=27"}],"version-history":[{"count":7,"href":"http:\/\/pawel-sikora.pl\/index.php?rest_route=\/wp\/v2\/pages\/27\/revisions"}],"predecessor-version":[{"id":84,"href":"http:\/\/pawel-sikora.pl\/index.php?rest_route=\/wp\/v2\/pages\/27\/revisions\/84"}],"wp:attachment":[{"href":"http:\/\/pawel-sikora.pl\/index.php?rest_route=%2Fwp%2Fv2%2Fmedia&parent=27"}],"curies":[{"name":"wp","href":"https:\/\/api.w.org\/{rel}","templated":true}]}}