{"id":2,"date":"2025-10-13T21:01:27","date_gmt":"2025-10-13T21:01:27","guid":{"rendered":"http:\/\/pawel-sikora.pl\/?page_id=2"},"modified":"2026-02-05T18:22:34","modified_gmt":"2026-02-05T18:22:34","slug":"sample-page","status":"publish","type":"page","link":"http:\/\/pawel-sikora.pl\/","title":{"rendered":"FOTOGRAFIK &#8211; Strona G\u0142\u00f3wna"},"content":{"rendered":"\n<p><\/p>\n\n\n\n<p><\/p>\n\n\n\n<p><strong>Patrz\u0119. Widz\u0119. Uwieczniam<\/strong>.<\/p>\n\n\n\n<p>Fotografia to dla mnie co\u015b znacznie wi\u0119cej ni\u017c techniczna rejestracja rzeczywisto\u015bci \u2013 to \u015bwiadomy dialog mi\u0119dzy \u015bwiat\u0142em a cieniem, mi\u0119dzy tym, co oczywiste, a tym, co ukryte pod powierzchni\u0105 gest\u00f3w. W \u015bwiecie pe\u0142nym wizualnego zgie\u0142ku i wszechobecnych filtr\u00f3w, ja szukam autentyczno\u015bci.<\/p>\n\n\n\n<p>Moje podej\u015bcie opiera si\u0119 na prostocie formy, kt\u00f3ra pozwala wybrzmie\u0107 prawdziwej tre\u015bci. Wierz\u0119, \u017ce najpi\u0119kniejsze obrazy powstaj\u0105 wtedy, gdy technologia ust\u0119puje miejsca wra\u017cliwo\u015bci. Nie re\u017cyseruj\u0119 rzeczywisto\u015bci na si\u0142\u0119 \u2013 wol\u0119 j\u0105 uwa\u017cnie obserwowa\u0107 i wy\u0142apywa\u0107 momenty, w kt\u00f3rych \u015bwiat\u0142o uk\u0142ada si\u0119 w niepowtarzaln\u0105 histori\u0119.<\/p>\n\n\n\n<p>Skupiam si\u0119 na tym, co w fotografii najwa\u017cniejsze: na szczerych emocjach, detalu i unikalnej atmosferze chwili. Moim celem jest stworzenie kadr\u00f3w, kt\u00f3re nie tylko ciesz\u0105 oko nowoczesn\u0105 estetyk\u0105, ale przede wszystkim pozwalaj\u0105 poczu\u0107 klimat tamtego momentu za ka\u017cdym razem, gdy na nie spojrzysz.<\/p>\n\n\n\n<p><\/p>\n","protected":false},"excerpt":{"rendered":"<p>Patrz\u0119. Widz\u0119. Uwieczniam. Fotografia to dla mnie co\u015b znacznie wi\u0119cej ni\u017c techniczna rejestracja rzeczywisto\u015bci \u2013 to \u015bwiadomy dialog mi\u0119dzy \u015bwiat\u0142em a cieniem, mi\u0119dzy tym, co oczywiste, a tym, co ukryte pod powierzchni\u0105 gest\u00f3w. W \u015bwiecie pe\u0142nym wizualnego zgie\u0142ku i wszechobecnych &hellip; <a href=\"http:\/\/pawel-sikora.pl\/\">Czytaj dalej <span class=\"meta-nav\">&rarr;<\/span><\/a><\/p>\n","protected":false},"author":1,"featured_media":0,"parent":0,"menu_order":0,"comment_status":"closed","ping_status":"closed","template":"","meta":{"footnotes":""},"class_list":["post-2","page","type-page","status-publish","hentry"],"_links":{"self":[{"href":"http:\/\/pawel-sikora.pl\/index.php?rest_route=\/wp\/v2\/pages\/2","targetHints":{"allow":["GET"]}}],"collection":[{"href":"http:\/\/pawel-sikora.pl\/index.php?rest_route=\/wp\/v2\/pages"}],"about":[{"href":"http:\/\/pawel-sikora.pl\/index.php?rest_route=\/wp\/v2\/types\/page"}],"author":[{"embeddable":true,"href":"http:\/\/pawel-sikora.pl\/index.php?rest_route=\/wp\/v2\/users\/1"}],"replies":[{"embeddable":true,"href":"http:\/\/pawel-sikora.pl\/index.php?rest_route=%2Fwp%2Fv2%2Fcomments&post=2"}],"version-history":[{"count":11,"href":"http:\/\/pawel-sikora.pl\/index.php?rest_route=\/wp\/v2\/pages\/2\/revisions"}],"predecessor-version":[{"id":88,"href":"http:\/\/pawel-sikora.pl\/index.php?rest_route=\/wp\/v2\/pages\/2\/revisions\/88"}],"wp:attachment":[{"href":"http:\/\/pawel-sikora.pl\/index.php?rest_route=%2Fwp%2Fv2%2Fmedia&parent=2"}],"curies":[{"name":"wp","href":"https:\/\/api.w.org\/{rel}","templated":true}]}}